{"id":29,"date":"2022-12-20T11:52:48","date_gmt":"2022-12-20T10:52:48","guid":{"rendered":"http:\/\/goutonsboire.fr\/?page_id=29"},"modified":"2024-12-27T17:56:42","modified_gmt":"2024-12-27T16:56:42","slug":"presentation","status":"publish","type":"page","link":"https:\/\/goutonsboire.fr\/index.php\/presentation\/","title":{"rendered":"Pr\u00e9sentation"},"content":{"rendered":"\n<div class=\"wp-block-columns is-layout-flex wp-container-core-columns-is-layout-9d6595d7 wp-block-columns-is-layout-flex\">\n<div class=\"wp-block-column is-layout-flow wp-block-column-is-layout-flow\">\n<h2 class=\"wp-block-heading\">Ga\u00e9tan Le Bruchec<\/h2>\n\n\n\n<p class=\"has-small-font-size\">G\u00e9rant de la cave ind\u00e9pendante Go\u00fbtons Boire depuis Mai 2022.<\/p>\n\n\n\n<p class=\"has-small-font-size\">Au sein de la cave\/\u00e9picerie vous pourrez y trouver : <\/p>\n\n\n\n<p class=\"has-small-font-size\"><strong>+ de 500 r\u00e9f\u00e9rences de vins<\/strong> (de toutes les r\u00e9gions de France et des vins \u00e9trangers en raisonn\u00e9s, bio, biodynamiques et naturels)<\/p>\n\n\n\n<p class=\"has-small-font-size\"><strong>+ de 150 r\u00e9f\u00e9rences de spiritueux<\/strong> (whisky, rhum, Gin, Cognac, Armagnac, etc &#8230;)<\/p>\n\n\n\n<p class=\"has-small-font-size\"><strong>+ de 100 bi\u00e8res artisanales et locales<\/strong>. Location de tireuse \u00e0 bi\u00e8re simple bec ou double bec en froid sec ou banc de glace.<\/p>\n\n\n\n<p class=\"has-small-font-size\"><strong>+ de 100 r\u00e9f\u00e9rences d&rsquo;\u00e9picerie fine sucr\u00e9 et sal\u00e9<\/strong><\/p>\n\n\n\n<p class=\"has-small-font-size\"><strong>et aussi un rayon sans alcool de vin et soft<\/strong>&#8230;<\/p>\n\n\n\n<p class=\"has-small-font-size\"><br>Ouvert du mardi au samedi. <\/p>\n\n\n\n<div class=\"wp-block-buttons is-content-justification-left is-layout-flex wp-container-core-buttons-is-layout-fdcfc74e wp-block-buttons-is-layout-flex\">\n<div class=\"wp-block-button has-custom-width wp-block-button__width-50 has-custom-font-size\" style=\"font-size:15px\"><a class=\"wp-block-button__link has-background wp-element-button\" href=\"https:\/\/goutonsboire.fr\/index.php\/contact\/\" style=\"border-radius:100px;background-color:#f9a836\">Contact<\/a><\/div>\n<\/div>\n<\/div>\n\n\n\n<div class=\"wp-block-column is-layout-flow wp-block-column-is-layout-flow\">\n<figure class=\"wp-block-image size-full\"><img loading=\"lazy\" decoding=\"async\" width=\"502\" height=\"580\" src=\"https:\/\/goutonsboire.fr\/wp-content\/uploads\/2022\/12\/MjAyMjA1M2U2ZmNlMTU4MGZiZTc4N2FiZWM2NzdhZDNjNTg2OTI.jpg\" alt=\"\" class=\"wp-image-61\" srcset=\"https:\/\/goutonsboire.fr\/wp-content\/uploads\/2022\/12\/MjAyMjA1M2U2ZmNlMTU4MGZiZTc4N2FiZWM2NzdhZDNjNTg2OTI.jpg 502w, https:\/\/goutonsboire.fr\/wp-content\/uploads\/2022\/12\/MjAyMjA1M2U2ZmNlMTU4MGZiZTc4N2FiZWM2NzdhZDNjNTg2OTI-260x300.jpg 260w\" sizes=\"auto, (max-width: 502px) 100vw, 502px\" \/><\/figure>\n<\/div>\n<\/div>\n\n\n\n<p><\/p>\n","protected":false},"excerpt":{"rendered":"<p>Ga\u00e9tan Le Bruchec G\u00e9rant de la cave ind\u00e9pendante Go\u00fbtons Boire depuis Mai 2022. Au sein de la cave\/\u00e9picerie vous pourrez y trouver : + de 500 r\u00e9f\u00e9rences de vins (de toutes les r\u00e9gions de France et des vins \u00e9trangers en raisonn\u00e9s, bio, biodynamiques et naturels) + de 150 r\u00e9f\u00e9rences de spiritueux (whisky, rhum, Gin, Cognac, [&hellip;]<\/p>\n","protected":false},"author":1,"featured_media":0,"parent":0,"menu_order":0,"comment_status":"closed","ping_status":"closed","template":"template-fullwidth.php","meta":{"footnotes":""},"class_list":["post-29","page","type-page","status-publish","hentry"],"yoast_head":"<!-- This site is optimized with the Yoast SEO plugin v20.1 - https:\/\/yoast.com\/wordpress\/plugins\/seo\/ -->\n<title>Pr\u00e9sentation -<\/title>\n<meta name=\"description\" content=\"Vins Bi\u00e8res locales et craft Spiritueux Epicerie locale et fine Paniers cadeaux sur mesure Tireuse \u00e0 bi\u00e8re Bon cadeau\" \/>\n<meta name=\"robots\" content=\"index, follow, max-snippet:-1, max-image-preview:large, max-video-preview:-1\" \/>\n<link rel=\"canonical\" href=\"https:\/\/goutonsboire.fr\/index.php\/presentation\/\" \/>\n<meta property=\"og:locale\" content=\"fr_FR\" \/>\n<meta property=\"og:type\" content=\"article\" \/>\n<meta property=\"og:title\" content=\"Pr\u00e9sentation -\" \/>\n<meta property=\"og:description\" content=\"Vins Bi\u00e8res locales et craft Spiritueux Epicerie locale et fine Paniers cadeaux sur mesure Tireuse \u00e0 bi\u00e8re Bon cadeau\" \/>\n<meta property=\"og:url\" content=\"https:\/\/goutonsboire.fr\/index.php\/presentation\/\" \/>\n<meta property=\"article:modified_time\" content=\"2024-12-27T16:56:42+00:00\" \/>\n<meta property=\"og:image\" content=\"http:\/\/goutonsboire.fr\/wp-content\/uploads\/2022\/12\/MjAyMjA1M2U2ZmNlMTU4MGZiZTc4N2FiZWM2NzdhZDNjNTg2OTI.jpg\" \/>\n<meta name=\"twitter:card\" content=\"summary_large_image\" \/>\n<meta name=\"twitter:label1\" content=\"Dur\u00e9e de lecture estim\u00e9e\" \/>\n\t<meta name=\"twitter:data1\" content=\"1 minute\" \/>\n<script type=\"application\/ld+json\" class=\"yoast-schema-graph\">{\"@context\":\"https:\/\/schema.org\",\"@graph\":[{\"@type\":\"WebPage\",\"@id\":\"https:\/\/goutonsboire.fr\/index.php\/presentation\/\",\"url\":\"https:\/\/goutonsboire.fr\/index.php\/presentation\/\",\"name\":\"Pr\u00e9sentation -\",\"isPartOf\":{\"@id\":\"https:\/\/goutonsboire.fr\/#website\"},\"datePublished\":\"2022-12-20T10:52:48+00:00\",\"dateModified\":\"2024-12-27T16:56:42+00:00\",\"description\":\"Vins Bi\u00e8res locales et craft Spiritueux Epicerie locale et fine Paniers cadeaux sur mesure Tireuse \u00e0 bi\u00e8re Bon cadeau\",\"breadcrumb\":{\"@id\":\"https:\/\/goutonsboire.fr\/index.php\/presentation\/#breadcrumb\"},\"inLanguage\":\"fr-FR\",\"potentialAction\":[{\"@type\":\"ReadAction\",\"target\":[\"https:\/\/goutonsboire.fr\/index.php\/presentation\/\"]}]},{\"@type\":\"BreadcrumbList\",\"@id\":\"https:\/\/goutonsboire.fr\/index.php\/presentation\/#breadcrumb\",\"itemListElement\":[{\"@type\":\"ListItem\",\"position\":1,\"name\":\"Accueil\",\"item\":\"https:\/\/goutonsboire.fr\/\"},{\"@type\":\"ListItem\",\"position\":2,\"name\":\"Pr\u00e9sentation\"}]},{\"@type\":\"WebSite\",\"@id\":\"https:\/\/goutonsboire.fr\/#website\",\"url\":\"https:\/\/goutonsboire.fr\/\",\"name\":\"\",\"description\":\"Cave - \u00c9picerie - Mariage - Coffret cadeaux - entreprise\",\"potentialAction\":[{\"@type\":\"SearchAction\",\"target\":{\"@type\":\"EntryPoint\",\"urlTemplate\":\"https:\/\/goutonsboire.fr\/?s={search_term_string}\"},\"query-input\":\"required name=search_term_string\"}],\"inLanguage\":\"fr-FR\"}]}<\/script>\n<!-- \/ Yoast SEO plugin. -->","yoast_head_json":{"title":"Pr\u00e9sentation -","description":"Vins Bi\u00e8res locales et craft Spiritueux Epicerie locale et fine Paniers cadeaux sur mesure Tireuse \u00e0 bi\u00e8re Bon cadeau","robots":{"index":"index","follow":"follow","max-snippet":"max-snippet:-1","max-image-preview":"max-image-preview:large","max-video-preview":"max-video-preview:-1"},"canonical":"https:\/\/goutonsboire.fr\/index.php\/presentation\/","og_locale":"fr_FR","og_type":"article","og_title":"Pr\u00e9sentation -","og_description":"Vins Bi\u00e8res locales et craft Spiritueux Epicerie locale et fine Paniers cadeaux sur mesure Tireuse \u00e0 bi\u00e8re Bon cadeau","og_url":"https:\/\/goutonsboire.fr\/index.php\/presentation\/","article_modified_time":"2024-12-27T16:56:42+00:00","og_image":[{"url":"http:\/\/goutonsboire.fr\/wp-content\/uploads\/2022\/12\/MjAyMjA1M2U2ZmNlMTU4MGZiZTc4N2FiZWM2NzdhZDNjNTg2OTI.jpg"}],"twitter_card":"summary_large_image","twitter_misc":{"Dur\u00e9e de lecture estim\u00e9e":"1 minute"},"schema":{"@context":"https:\/\/schema.org","@graph":[{"@type":"WebPage","@id":"https:\/\/goutonsboire.fr\/index.php\/presentation\/","url":"https:\/\/goutonsboire.fr\/index.php\/presentation\/","name":"Pr\u00e9sentation -","isPartOf":{"@id":"https:\/\/goutonsboire.fr\/#website"},"datePublished":"2022-12-20T10:52:48+00:00","dateModified":"2024-12-27T16:56:42+00:00","description":"Vins Bi\u00e8res locales et craft Spiritueux Epicerie locale et fine Paniers cadeaux sur mesure Tireuse \u00e0 bi\u00e8re Bon cadeau","breadcrumb":{"@id":"https:\/\/goutonsboire.fr\/index.php\/presentation\/#breadcrumb"},"inLanguage":"fr-FR","potentialAction":[{"@type":"ReadAction","target":["https:\/\/goutonsboire.fr\/index.php\/presentation\/"]}]},{"@type":"BreadcrumbList","@id":"https:\/\/goutonsboire.fr\/index.php\/presentation\/#breadcrumb","itemListElement":[{"@type":"ListItem","position":1,"name":"Accueil","item":"https:\/\/goutonsboire.fr\/"},{"@type":"ListItem","position":2,"name":"Pr\u00e9sentation"}]},{"@type":"WebSite","@id":"https:\/\/goutonsboire.fr\/#website","url":"https:\/\/goutonsboire.fr\/","name":"","description":"Cave - \u00c9picerie - Mariage - Coffret cadeaux - entreprise","potentialAction":[{"@type":"SearchAction","target":{"@type":"EntryPoint","urlTemplate":"https:\/\/goutonsboire.fr\/?s={search_term_string}"},"query-input":"required name=search_term_string"}],"inLanguage":"fr-FR"}]}},"_links":{"self":[{"href":"https:\/\/goutonsboire.fr\/index.php\/wp-json\/wp\/v2\/pages\/29","targetHints":{"allow":["GET"]}}],"collection":[{"href":"https:\/\/goutonsboire.fr\/index.php\/wp-json\/wp\/v2\/pages"}],"about":[{"href":"https:\/\/goutonsboire.fr\/index.php\/wp-json\/wp\/v2\/types\/page"}],"author":[{"embeddable":true,"href":"https:\/\/goutonsboire.fr\/index.php\/wp-json\/wp\/v2\/users\/1"}],"replies":[{"embeddable":true,"href":"https:\/\/goutonsboire.fr\/index.php\/wp-json\/wp\/v2\/comments?post=29"}],"version-history":[{"count":6,"href":"https:\/\/goutonsboire.fr\/index.php\/wp-json\/wp\/v2\/pages\/29\/revisions"}],"predecessor-version":[{"id":250,"href":"https:\/\/goutonsboire.fr\/index.php\/wp-json\/wp\/v2\/pages\/29\/revisions\/250"}],"wp:attachment":[{"href":"https:\/\/goutonsboire.fr\/index.php\/wp-json\/wp\/v2\/media?parent=29"}],"curies":[{"name":"wp","href":"https:\/\/api.w.org\/{rel}","templated":true}]}}