{"id":31,"date":"2022-12-20T11:52:57","date_gmt":"2022-12-20T10:52:57","guid":{"rendered":"http:\/\/goutonsboire.fr\/?page_id=31"},"modified":"2023-02-24T15:53:47","modified_gmt":"2023-02-24T14:53:47","slug":"produits","status":"publish","type":"page","link":"https:\/\/goutonsboire.fr\/index.php\/produits\/","title":{"rendered":"Produits"},"content":{"rendered":"\n<div class=\"wp-block-columns is-layout-flex wp-container-core-columns-is-layout-9d6595d7 wp-block-columns-is-layout-flex\">\n<div class=\"wp-block-column is-layout-flow wp-block-column-is-layout-flow\">\n<h2 class=\"alignwide has-text-align-center has-medium-font-size wp-block-heading\">Th\u00e9s\/Caf\u00e9s<\/h2>\n\n\n<div class=\"wp-block-image\">\n<figure class=\"aligncenter size-full\"><img loading=\"lazy\" decoding=\"async\" width=\"263\" height=\"383\" src=\"https:\/\/goutonsboire.fr\/wp-content\/uploads\/2022\/12\/thes-cafes.jpg\" alt=\"\" class=\"wp-image-75\" srcset=\"https:\/\/goutonsboire.fr\/wp-content\/uploads\/2022\/12\/thes-cafes.jpg 263w, https:\/\/goutonsboire.fr\/wp-content\/uploads\/2022\/12\/thes-cafes-206x300.jpg 206w\" sizes=\"auto, (max-width: 263px) 100vw, 263px\" \/><\/figure>\n<\/div><\/div>\n\n\n\n<div class=\"wp-block-column is-layout-flow wp-block-column-is-layout-flow\">\n<h2 class=\"alignwide has-text-align-center wp-block-heading\" style=\"font-size:18px\">Boissons sans alcool<\/h2>\n\n\n<div class=\"wp-block-image\">\n<figure class=\"aligncenter size-full\"><img loading=\"lazy\" decoding=\"async\" width=\"263\" height=\"383\" src=\"https:\/\/goutonsboire.fr\/wp-content\/uploads\/2022\/12\/thes-cafes-1.jpg\" alt=\"\" class=\"wp-image-76\" srcset=\"https:\/\/goutonsboire.fr\/wp-content\/uploads\/2022\/12\/thes-cafes-1.jpg 263w, https:\/\/goutonsboire.fr\/wp-content\/uploads\/2022\/12\/thes-cafes-1-206x300.jpg 206w\" sizes=\"auto, (max-width: 263px) 100vw, 263px\" \/><\/figure>\n<\/div><\/div>\n\n\n\n<div class=\"wp-block-column is-layout-flow wp-block-column-is-layout-flow\">\n<h2 class=\"alignwide has-text-align-center wp-block-heading\" style=\"font-size:17px\">Bi\u00e8res Crafts &amp; Belges<\/h2>\n\n\n<div class=\"wp-block-image\">\n<figure class=\"aligncenter size-full is-resized\"><img loading=\"lazy\" decoding=\"async\" src=\"https:\/\/goutonsboire.fr\/wp-content\/uploads\/2022\/12\/thes-cafes-4.jpg\" alt=\"\" class=\"wp-image-80\" width=\"230\" height=\"365\" srcset=\"https:\/\/goutonsboire.fr\/wp-content\/uploads\/2022\/12\/thes-cafes-4.jpg 241w, https:\/\/goutonsboire.fr\/wp-content\/uploads\/2022\/12\/thes-cafes-4-189x300.jpg 189w\" sizes=\"auto, (max-width: 230px) 100vw, 230px\" \/><\/figure>\n<\/div><\/div>\n\n\n\n<div class=\"wp-block-column is-layout-flow wp-block-column-is-layout-flow\">\n<h2 class=\"alignwide has-text-align-center wp-block-heading\" style=\"font-size:17px\">Vins<\/h2>\n\n\n<div class=\"wp-block-image\">\n<figure class=\"aligncenter size-full is-resized\"><img loading=\"lazy\" decoding=\"async\" src=\"https:\/\/goutonsboire.fr\/wp-content\/uploads\/2022\/12\/thes-cafes-3.jpg\" alt=\"\" class=\"wp-image-78\" width=\"235\" height=\"373\" srcset=\"https:\/\/goutonsboire.fr\/wp-content\/uploads\/2022\/12\/thes-cafes-3.jpg 241w, https:\/\/goutonsboire.fr\/wp-content\/uploads\/2022\/12\/thes-cafes-3-189x300.jpg 189w\" sizes=\"auto, (max-width: 235px) 100vw, 235px\" \/><\/figure>\n<\/div><\/div>\n<\/div>\n\n\n\n<div class=\"wp-block-columns is-layout-flex wp-container-core-columns-is-layout-9d6595d7 wp-block-columns-is-layout-flex\">\n<div class=\"wp-block-column is-layout-flow wp-block-column-is-layout-flow\">\n<h2 class=\"alignwide has-text-align-center wp-block-heading\" style=\"font-size:17px\">Rhums \/ Gins<\/h2>\n\n\n<div class=\"wp-block-image\">\n<figure class=\"aligncenter size-full\"><img loading=\"lazy\" decoding=\"async\" width=\"241\" height=\"383\" src=\"https:\/\/goutonsboire.fr\/wp-content\/uploads\/2022\/12\/thes-cafes-6.jpg\" alt=\"\" class=\"wp-image-84\" srcset=\"https:\/\/goutonsboire.fr\/wp-content\/uploads\/2022\/12\/thes-cafes-6.jpg 241w, https:\/\/goutonsboire.fr\/wp-content\/uploads\/2022\/12\/thes-cafes-6-189x300.jpg 189w\" sizes=\"auto, (max-width: 241px) 100vw, 241px\" \/><\/figure>\n<\/div><\/div>\n\n\n\n<div class=\"wp-block-column is-layout-flow wp-block-column-is-layout-flow\">\n<h2 class=\"alignwide has-text-align-center wp-block-heading\" style=\"font-size:17px\">Champagnes<\/h2>\n\n\n\n<figure class=\"wp-block-image size-full\"><img loading=\"lazy\" decoding=\"async\" width=\"241\" height=\"383\" src=\"https:\/\/goutonsboire.fr\/wp-content\/uploads\/2022\/12\/thes-cafes-7.jpg\" alt=\"\" class=\"wp-image-85\" srcset=\"https:\/\/goutonsboire.fr\/wp-content\/uploads\/2022\/12\/thes-cafes-7.jpg 241w, https:\/\/goutonsboire.fr\/wp-content\/uploads\/2022\/12\/thes-cafes-7-189x300.jpg 189w\" sizes=\"auto, (max-width: 241px) 100vw, 241px\" \/><\/figure>\n<\/div>\n\n\n\n<div class=\"wp-block-column is-layout-flow wp-block-column-is-layout-flow\">\n<h2 class=\"alignwide has-text-align-center wp-block-heading\" style=\"font-size:17px\">Chocolats<\/h2>\n\n\n<div class=\"wp-block-image\">\n<figure class=\"aligncenter size-full is-resized\"><img loading=\"lazy\" decoding=\"async\" src=\"https:\/\/goutonsboire.fr\/wp-content\/uploads\/2022\/12\/thes-cafes-7-1.jpg\" alt=\"\" class=\"wp-image-95\" width=\"226\" height=\"357\"\/><\/figure>\n<\/div><\/div>\n\n\n\n<div class=\"wp-block-column is-layout-flow wp-block-column-is-layout-flow\">\n<h2 class=\"alignwide has-text-align-center wp-block-heading\" style=\"font-size:17px\">Tartinables sucr\u00e9 \/ sal\u00e9<\/h2>\n\n\n<div class=\"wp-block-image\">\n<figure class=\"aligncenter size-full\"><img loading=\"lazy\" decoding=\"async\" width=\"241\" height=\"383\" src=\"https:\/\/goutonsboire.fr\/wp-content\/uploads\/2022\/12\/thes-cafes-7-2.jpg\" alt=\"\" class=\"wp-image-98\" srcset=\"https:\/\/goutonsboire.fr\/wp-content\/uploads\/2022\/12\/thes-cafes-7-2.jpg 241w, https:\/\/goutonsboire.fr\/wp-content\/uploads\/2022\/12\/thes-cafes-7-2-189x300.jpg 189w\" sizes=\"auto, (max-width: 241px) 100vw, 241px\" \/><\/figure>\n<\/div><\/div>\n<\/div>\n\n\n\n<h1 class=\"has-text-align-center wp-block-heading\">R\u00e9f\u00e9rences<\/h1>\n\n\n\n<div class=\"wp-block-columns is-layout-flex wp-container-core-columns-is-layout-9d6595d7 wp-block-columns-is-layout-flex\">\n<div class=\"wp-block-column is-layout-flow wp-block-column-is-layout-flow\"><div class=\"wp-block-image\">\n<figure class=\"aligncenter size-full\"><img loading=\"lazy\" decoding=\"async\" width=\"466\" height=\"108\" src=\"https:\/\/goutonsboire.fr\/wp-content\/uploads\/2022\/12\/telechargement.png\" alt=\"\" class=\"wp-image-134\" srcset=\"https:\/\/goutonsboire.fr\/wp-content\/uploads\/2022\/12\/telechargement.png 466w, https:\/\/goutonsboire.fr\/wp-content\/uploads\/2022\/12\/telechargement-300x70.png 300w\" sizes=\"auto, (max-width: 466px) 100vw, 466px\" \/><\/figure>\n<\/div><\/div>\n\n\n\n<div class=\"wp-block-column is-layout-flow wp-block-column-is-layout-flow\">\n<figure class=\"wp-block-image size-full\"><img loading=\"lazy\" decoding=\"async\" width=\"170\" height=\"191\" src=\"https:\/\/goutonsboire.fr\/wp-content\/uploads\/2022\/12\/telechargement.jpg\" alt=\"\" class=\"wp-image-148\"\/><\/figure>\n<\/div>\n\n\n\n<div class=\"wp-block-column is-layout-flow wp-block-column-is-layout-flow\">\n<figure class=\"wp-block-image size-full\"><img loading=\"lazy\" decoding=\"async\" width=\"201\" height=\"272\" src=\"https:\/\/goutonsboire.fr\/wp-content\/uploads\/2022\/12\/logo_la_paimpolaise_conserverie_01.png\" alt=\"\" class=\"wp-image-149\"\/><\/figure>\n<\/div>\n\n\n\n<div class=\"wp-block-column is-layout-flow wp-block-column-is-layout-flow\">\n<figure class=\"wp-block-image size-full\"><img loading=\"lazy\" decoding=\"async\" width=\"225\" height=\"225\" src=\"https:\/\/goutonsboire.fr\/wp-content\/uploads\/2022\/12\/telechargement-1.png\" alt=\"\" class=\"wp-image-150\" srcset=\"https:\/\/goutonsboire.fr\/wp-content\/uploads\/2022\/12\/telechargement-1.png 225w, https:\/\/goutonsboire.fr\/wp-content\/uploads\/2022\/12\/telechargement-1-150x150.png 150w\" sizes=\"auto, (max-width: 225px) 100vw, 225px\" \/><\/figure>\n<\/div>\n\n\n\n<div class=\"wp-block-column is-layout-flow wp-block-column-is-layout-flow\">\n<figure class=\"wp-block-image size-full\"><img loading=\"lazy\" decoding=\"async\" width=\"334\" height=\"151\" src=\"https:\/\/goutonsboire.fr\/wp-content\/uploads\/2022\/12\/telechargement-2.png\" alt=\"\" class=\"wp-image-151\" srcset=\"https:\/\/goutonsboire.fr\/wp-content\/uploads\/2022\/12\/telechargement-2.png 334w, https:\/\/goutonsboire.fr\/wp-content\/uploads\/2022\/12\/telechargement-2-300x136.png 300w\" sizes=\"auto, (max-width: 334px) 100vw, 334px\" \/><\/figure>\n<\/div>\n<\/div>\n\n\n\n<p><\/p>\n","protected":false},"excerpt":{"rendered":"<p>Th\u00e9s\/Caf\u00e9s Boissons sans alcool Bi\u00e8res Crafts &amp; Belges Vins Rhums \/ Gins Champagnes Chocolats Tartinables sucr\u00e9 \/ sal\u00e9 R\u00e9f\u00e9rences<\/p>\n","protected":false},"author":1,"featured_media":0,"parent":0,"menu_order":0,"comment_status":"closed","ping_status":"closed","template":"template-fullwidth.php","meta":{"footnotes":""},"class_list":["post-31","page","type-page","status-publish","hentry"],"yoast_head":"<!-- This site is optimized with the Yoast SEO plugin v20.1 - https:\/\/yoast.com\/wordpress\/plugins\/seo\/ -->\n<title>Produits -<\/title>\n<meta name=\"description\" content=\"cidre bi\u00e8re vins chocolat th\u00e9 caf\u00e9 perfectdraft ap\u00e9ro bretagne jus de pomme campbon magnum morgon pommard Beaune Marsannay Chablis Cote-Roti\" \/>\n<meta name=\"robots\" content=\"index, follow, max-snippet:-1, max-image-preview:large, max-video-preview:-1\" \/>\n<link rel=\"canonical\" href=\"https:\/\/goutonsboire.fr\/index.php\/produits\/\" \/>\n<meta property=\"og:locale\" content=\"fr_FR\" \/>\n<meta property=\"og:type\" content=\"article\" \/>\n<meta property=\"og:title\" content=\"Produits -\" \/>\n<meta property=\"og:description\" content=\"cidre bi\u00e8re vins chocolat th\u00e9 caf\u00e9 perfectdraft ap\u00e9ro bretagne jus de pomme campbon magnum morgon pommard Beaune Marsannay Chablis Cote-Roti\" \/>\n<meta property=\"og:url\" content=\"https:\/\/goutonsboire.fr\/index.php\/produits\/\" \/>\n<meta property=\"article:modified_time\" content=\"2023-02-24T14:53:47+00:00\" \/>\n<meta property=\"og:image\" content=\"http:\/\/goutonsboire.fr\/wp-content\/uploads\/2022\/12\/thes-cafes.jpg\" \/>\n<meta name=\"twitter:card\" content=\"summary_large_image\" \/>\n<meta name=\"twitter:label1\" content=\"Dur\u00e9e de lecture estim\u00e9e\" \/>\n\t<meta name=\"twitter:data1\" content=\"3 minutes\" \/>\n<script type=\"application\/ld+json\" class=\"yoast-schema-graph\">{\"@context\":\"https:\/\/schema.org\",\"@graph\":[{\"@type\":\"WebPage\",\"@id\":\"https:\/\/goutonsboire.fr\/index.php\/produits\/\",\"url\":\"https:\/\/goutonsboire.fr\/index.php\/produits\/\",\"name\":\"Produits -\",\"isPartOf\":{\"@id\":\"https:\/\/goutonsboire.fr\/#website\"},\"datePublished\":\"2022-12-20T10:52:57+00:00\",\"dateModified\":\"2023-02-24T14:53:47+00:00\",\"description\":\"cidre bi\u00e8re vins chocolat th\u00e9 caf\u00e9 perfectdraft ap\u00e9ro bretagne jus de pomme campbon magnum morgon pommard Beaune Marsannay Chablis Cote-Roti\",\"breadcrumb\":{\"@id\":\"https:\/\/goutonsboire.fr\/index.php\/produits\/#breadcrumb\"},\"inLanguage\":\"fr-FR\",\"potentialAction\":[{\"@type\":\"ReadAction\",\"target\":[\"https:\/\/goutonsboire.fr\/index.php\/produits\/\"]}]},{\"@type\":\"BreadcrumbList\",\"@id\":\"https:\/\/goutonsboire.fr\/index.php\/produits\/#breadcrumb\",\"itemListElement\":[{\"@type\":\"ListItem\",\"position\":1,\"name\":\"Accueil\",\"item\":\"https:\/\/goutonsboire.fr\/\"},{\"@type\":\"ListItem\",\"position\":2,\"name\":\"Produits\"}]},{\"@type\":\"WebSite\",\"@id\":\"https:\/\/goutonsboire.fr\/#website\",\"url\":\"https:\/\/goutonsboire.fr\/\",\"name\":\"\",\"description\":\"Cave - \u00c9picerie - Mariage - Coffret cadeaux - entreprise\",\"potentialAction\":[{\"@type\":\"SearchAction\",\"target\":{\"@type\":\"EntryPoint\",\"urlTemplate\":\"https:\/\/goutonsboire.fr\/?s={search_term_string}\"},\"query-input\":\"required name=search_term_string\"}],\"inLanguage\":\"fr-FR\"}]}<\/script>\n<!-- \/ Yoast SEO plugin. -->","yoast_head_json":{"title":"Produits -","description":"cidre bi\u00e8re vins chocolat th\u00e9 caf\u00e9 perfectdraft ap\u00e9ro bretagne jus de pomme campbon magnum morgon pommard Beaune Marsannay Chablis Cote-Roti","robots":{"index":"index","follow":"follow","max-snippet":"max-snippet:-1","max-image-preview":"max-image-preview:large","max-video-preview":"max-video-preview:-1"},"canonical":"https:\/\/goutonsboire.fr\/index.php\/produits\/","og_locale":"fr_FR","og_type":"article","og_title":"Produits -","og_description":"cidre bi\u00e8re vins chocolat th\u00e9 caf\u00e9 perfectdraft ap\u00e9ro bretagne jus de pomme campbon magnum morgon pommard Beaune Marsannay Chablis Cote-Roti","og_url":"https:\/\/goutonsboire.fr\/index.php\/produits\/","article_modified_time":"2023-02-24T14:53:47+00:00","og_image":[{"url":"http:\/\/goutonsboire.fr\/wp-content\/uploads\/2022\/12\/thes-cafes.jpg"}],"twitter_card":"summary_large_image","twitter_misc":{"Dur\u00e9e de lecture estim\u00e9e":"3 minutes"},"schema":{"@context":"https:\/\/schema.org","@graph":[{"@type":"WebPage","@id":"https:\/\/goutonsboire.fr\/index.php\/produits\/","url":"https:\/\/goutonsboire.fr\/index.php\/produits\/","name":"Produits -","isPartOf":{"@id":"https:\/\/goutonsboire.fr\/#website"},"datePublished":"2022-12-20T10:52:57+00:00","dateModified":"2023-02-24T14:53:47+00:00","description":"cidre bi\u00e8re vins chocolat th\u00e9 caf\u00e9 perfectdraft ap\u00e9ro bretagne jus de pomme campbon magnum morgon pommard Beaune Marsannay Chablis Cote-Roti","breadcrumb":{"@id":"https:\/\/goutonsboire.fr\/index.php\/produits\/#breadcrumb"},"inLanguage":"fr-FR","potentialAction":[{"@type":"ReadAction","target":["https:\/\/goutonsboire.fr\/index.php\/produits\/"]}]},{"@type":"BreadcrumbList","@id":"https:\/\/goutonsboire.fr\/index.php\/produits\/#breadcrumb","itemListElement":[{"@type":"ListItem","position":1,"name":"Accueil","item":"https:\/\/goutonsboire.fr\/"},{"@type":"ListItem","position":2,"name":"Produits"}]},{"@type":"WebSite","@id":"https:\/\/goutonsboire.fr\/#website","url":"https:\/\/goutonsboire.fr\/","name":"","description":"Cave - \u00c9picerie - Mariage - Coffret cadeaux - entreprise","potentialAction":[{"@type":"SearchAction","target":{"@type":"EntryPoint","urlTemplate":"https:\/\/goutonsboire.fr\/?s={search_term_string}"},"query-input":"required name=search_term_string"}],"inLanguage":"fr-FR"}]}},"_links":{"self":[{"href":"https:\/\/goutonsboire.fr\/index.php\/wp-json\/wp\/v2\/pages\/31","targetHints":{"allow":["GET"]}}],"collection":[{"href":"https:\/\/goutonsboire.fr\/index.php\/wp-json\/wp\/v2\/pages"}],"about":[{"href":"https:\/\/goutonsboire.fr\/index.php\/wp-json\/wp\/v2\/types\/page"}],"author":[{"embeddable":true,"href":"https:\/\/goutonsboire.fr\/index.php\/wp-json\/wp\/v2\/users\/1"}],"replies":[{"embeddable":true,"href":"https:\/\/goutonsboire.fr\/index.php\/wp-json\/wp\/v2\/comments?post=31"}],"version-history":[{"count":13,"href":"https:\/\/goutonsboire.fr\/index.php\/wp-json\/wp\/v2\/pages\/31\/revisions"}],"predecessor-version":[{"id":152,"href":"https:\/\/goutonsboire.fr\/index.php\/wp-json\/wp\/v2\/pages\/31\/revisions\/152"}],"wp:attachment":[{"href":"https:\/\/goutonsboire.fr\/index.php\/wp-json\/wp\/v2\/media?parent=31"}],"curies":[{"name":"wp","href":"https:\/\/api.w.org\/{rel}","templated":true}]}}