{"id":33,"date":"2022-12-20T11:53:04","date_gmt":"2022-12-20T10:53:04","guid":{"rendered":"http:\/\/goutonsboire.fr\/?page_id=33"},"modified":"2026-02-18T18:57:51","modified_gmt":"2026-02-18T17:57:51","slug":"producteurs","status":"publish","type":"page","link":"https:\/\/goutonsboire.fr\/index.php\/producteurs\/","title":{"rendered":"Producteurs"},"content":{"rendered":"\n<style type=\"text\/css\" id=\"umsMapStyles_38_15675\">\r\n\t#ultimate_maps_38_15675 {\r\n        width: 100%;\r\n        height: 500px;\r\n\t        border: 0px solid ;\r\n        margin: 0px;\r\n    }\r\n\t#mapsControlsNum_38_15675 {\r\n\t\twidth:100%\t}\r\n\t.umsMapDetailsContainer#umsMapDetailsContainer_38_15675 {\r\n\t\theight:500px;\r\n\t}\r\n\t.ums_MapPreview#ultimate_maps_38_15675 {\r\n\t\t\/*position:absolute;*\/\r\n\t\twidth:100%;\r\n\t}\r\n\t#mapConElem_38_15675{\r\n\t\twidth:100%\t}\r\n\t<\/style>\r\n<div class=\"ums_map_opts\" id=\"mapConElem_38_15675\" data-id=\"38\" data-view-id=\"38_15675\" > <div class=\"umsMapDetailsContainer\" id=\"umsMapDetailsContainer_38_15675\"> <i class=\"umsKMLLayersPreloader fa fa-spinner fa-spin\" aria-hidden=\"true\" style=\"display: none;\"><\/i> <div class=\"ums_MapPreview \" id=\"ultimate_maps_38_15675\"><\/div> <\/div> <div class=\"umsMapMarkerFilters\" id=\"umsMapMarkerFilters_38_15675\"> <\/div> <div class=\"umsMapProControlsCon\" id=\"umsMapProControlsCon_38_15675\"> <\/div> <div class=\"umsMapProDirectionsCon\" id=\"umsMapProDirectionsCon_38_15675\" > <\/div> <div class=\"umsMapProKmlFilterCon\" id=\"umsMapProKmlFilterCon_38_15675\" > <\/div> <div class=\"umsSocialSharingShell umsSocialSharingShell_38_15675\"> <\/div> <div style=\"clear: both;\"><\/div> <\/div> \n","protected":false},"excerpt":{"rendered":"","protected":false},"author":1,"featured_media":0,"parent":0,"menu_order":0,"comment_status":"closed","ping_status":"closed","template":"template-fullwidth.php","meta":{"footnotes":""},"class_list":["post-33","page","type-page","status-publish","hentry"],"yoast_head":"<!-- This site is optimized with the Yoast SEO plugin v20.1 - https:\/\/yoast.com\/wordpress\/plugins\/seo\/ -->\n<title>Producteurs -<\/title>\n<meta name=\"description\" content=\"bourgogne-alsace-Rh\u00f4ne-Loire-jura-Savoie-bordeaux-champagne-petit prix-p\u00e9tillant naturel-vin sans sulfite-bi\u00e8res-whisky-rhum-rum-run %\" \/>\n<meta name=\"robots\" content=\"index, follow, max-snippet:-1, max-image-preview:large, max-video-preview:-1\" \/>\n<link rel=\"canonical\" href=\"https:\/\/goutonsboire.fr\/index.php\/producteurs\/\" \/>\n<meta property=\"og:locale\" content=\"fr_FR\" \/>\n<meta property=\"og:type\" content=\"article\" \/>\n<meta property=\"og:title\" content=\"Producteurs -\" \/>\n<meta property=\"og:description\" content=\"bourgogne-alsace-Rh\u00f4ne-Loire-jura-Savoie-bordeaux-champagne-petit prix-p\u00e9tillant naturel-vin sans sulfite-bi\u00e8res-whisky-rhum-rum-run %\" \/>\n<meta property=\"og:url\" content=\"https:\/\/goutonsboire.fr\/index.php\/producteurs\/\" \/>\n<meta property=\"article:modified_time\" content=\"2026-02-18T17:57:51+00:00\" \/>\n<meta name=\"twitter:card\" content=\"summary_large_image\" \/>\n<meta name=\"twitter:label1\" content=\"Dur\u00e9e de lecture estim\u00e9e\" \/>\n\t<meta name=\"twitter:data1\" content=\"1 minute\" \/>\n<script type=\"application\/ld+json\" class=\"yoast-schema-graph\">{\"@context\":\"https:\/\/schema.org\",\"@graph\":[{\"@type\":\"WebPage\",\"@id\":\"https:\/\/goutonsboire.fr\/index.php\/producteurs\/\",\"url\":\"https:\/\/goutonsboire.fr\/index.php\/producteurs\/\",\"name\":\"Producteurs -\",\"isPartOf\":{\"@id\":\"https:\/\/goutonsboire.fr\/#website\"},\"datePublished\":\"2022-12-20T10:53:04+00:00\",\"dateModified\":\"2026-02-18T17:57:51+00:00\",\"description\":\"bourgogne-alsace-Rh\u00f4ne-Loire-jura-Savoie-bordeaux-champagne-petit prix-p\u00e9tillant naturel-vin sans sulfite-bi\u00e8res-whisky-rhum-rum-run %\",\"breadcrumb\":{\"@id\":\"https:\/\/goutonsboire.fr\/index.php\/producteurs\/#breadcrumb\"},\"inLanguage\":\"fr-FR\",\"potentialAction\":[{\"@type\":\"ReadAction\",\"target\":[\"https:\/\/goutonsboire.fr\/index.php\/producteurs\/\"]}]},{\"@type\":\"BreadcrumbList\",\"@id\":\"https:\/\/goutonsboire.fr\/index.php\/producteurs\/#breadcrumb\",\"itemListElement\":[{\"@type\":\"ListItem\",\"position\":1,\"name\":\"Accueil\",\"item\":\"https:\/\/goutonsboire.fr\/\"},{\"@type\":\"ListItem\",\"position\":2,\"name\":\"Producteurs\"}]},{\"@type\":\"WebSite\",\"@id\":\"https:\/\/goutonsboire.fr\/#website\",\"url\":\"https:\/\/goutonsboire.fr\/\",\"name\":\"\",\"description\":\"Cave - \u00c9picerie - Mariage - Coffret cadeaux - entreprise\",\"potentialAction\":[{\"@type\":\"SearchAction\",\"target\":{\"@type\":\"EntryPoint\",\"urlTemplate\":\"https:\/\/goutonsboire.fr\/?s={search_term_string}\"},\"query-input\":\"required name=search_term_string\"}],\"inLanguage\":\"fr-FR\"}]}<\/script>\n<!-- \/ Yoast SEO plugin. -->","yoast_head_json":{"title":"Producteurs -","description":"bourgogne-alsace-Rh\u00f4ne-Loire-jura-Savoie-bordeaux-champagne-petit prix-p\u00e9tillant naturel-vin sans sulfite-bi\u00e8res-whisky-rhum-rum-run %","robots":{"index":"index","follow":"follow","max-snippet":"max-snippet:-1","max-image-preview":"max-image-preview:large","max-video-preview":"max-video-preview:-1"},"canonical":"https:\/\/goutonsboire.fr\/index.php\/producteurs\/","og_locale":"fr_FR","og_type":"article","og_title":"Producteurs -","og_description":"bourgogne-alsace-Rh\u00f4ne-Loire-jura-Savoie-bordeaux-champagne-petit prix-p\u00e9tillant naturel-vin sans sulfite-bi\u00e8res-whisky-rhum-rum-run %","og_url":"https:\/\/goutonsboire.fr\/index.php\/producteurs\/","article_modified_time":"2026-02-18T17:57:51+00:00","twitter_card":"summary_large_image","twitter_misc":{"Dur\u00e9e de lecture estim\u00e9e":"1 minute"},"schema":{"@context":"https:\/\/schema.org","@graph":[{"@type":"WebPage","@id":"https:\/\/goutonsboire.fr\/index.php\/producteurs\/","url":"https:\/\/goutonsboire.fr\/index.php\/producteurs\/","name":"Producteurs -","isPartOf":{"@id":"https:\/\/goutonsboire.fr\/#website"},"datePublished":"2022-12-20T10:53:04+00:00","dateModified":"2026-02-18T17:57:51+00:00","description":"bourgogne-alsace-Rh\u00f4ne-Loire-jura-Savoie-bordeaux-champagne-petit prix-p\u00e9tillant naturel-vin sans sulfite-bi\u00e8res-whisky-rhum-rum-run %","breadcrumb":{"@id":"https:\/\/goutonsboire.fr\/index.php\/producteurs\/#breadcrumb"},"inLanguage":"fr-FR","potentialAction":[{"@type":"ReadAction","target":["https:\/\/goutonsboire.fr\/index.php\/producteurs\/"]}]},{"@type":"BreadcrumbList","@id":"https:\/\/goutonsboire.fr\/index.php\/producteurs\/#breadcrumb","itemListElement":[{"@type":"ListItem","position":1,"name":"Accueil","item":"https:\/\/goutonsboire.fr\/"},{"@type":"ListItem","position":2,"name":"Producteurs"}]},{"@type":"WebSite","@id":"https:\/\/goutonsboire.fr\/#website","url":"https:\/\/goutonsboire.fr\/","name":"","description":"Cave - \u00c9picerie - Mariage - Coffret cadeaux - entreprise","potentialAction":[{"@type":"SearchAction","target":{"@type":"EntryPoint","urlTemplate":"https:\/\/goutonsboire.fr\/?s={search_term_string}"},"query-input":"required name=search_term_string"}],"inLanguage":"fr-FR"}]}},"_links":{"self":[{"href":"https:\/\/goutonsboire.fr\/index.php\/wp-json\/wp\/v2\/pages\/33","targetHints":{"allow":["GET"]}}],"collection":[{"href":"https:\/\/goutonsboire.fr\/index.php\/wp-json\/wp\/v2\/pages"}],"about":[{"href":"https:\/\/goutonsboire.fr\/index.php\/wp-json\/wp\/v2\/types\/page"}],"author":[{"embeddable":true,"href":"https:\/\/goutonsboire.fr\/index.php\/wp-json\/wp\/v2\/users\/1"}],"replies":[{"embeddable":true,"href":"https:\/\/goutonsboire.fr\/index.php\/wp-json\/wp\/v2\/comments?post=33"}],"version-history":[{"count":9,"href":"https:\/\/goutonsboire.fr\/index.php\/wp-json\/wp\/v2\/pages\/33\/revisions"}],"predecessor-version":[{"id":179,"href":"https:\/\/goutonsboire.fr\/index.php\/wp-json\/wp\/v2\/pages\/33\/revisions\/179"}],"wp:attachment":[{"href":"https:\/\/goutonsboire.fr\/index.php\/wp-json\/wp\/v2\/media?parent=33"}],"curies":[{"name":"wp","href":"https:\/\/api.w.org\/{rel}","templated":true}]}}